{"id":3318,"date":"2019-11-19T13:31:50","date_gmt":"2019-11-19T12:31:50","guid":{"rendered":"https:\/\/multiarena.no\/?page_id=3318"},"modified":"2026-03-30T09:53:28","modified_gmt":"2026-03-30T07:53:28","slug":"ice-cover","status":"publish","type":"page","link":"https:\/\/multiarena.no\/lv\/parvietojamie-griidas-segumi\/ledus-parsegi\/","title":{"rendered":"Ledus p\u0101rsegi"},"content":{"rendered":"<div data-elementor-type=\"wp-page\" data-elementor-id=\"3318\" class=\"elementor elementor-3318\" data-elementor-post-type=\"page\">\n\t\t\t\t\t\t<section class=\"elementor-section elementor-top-section elementor-element elementor-element-4fa8d8d elementor-section-boxed elementor-section-height-default elementor-section-height-default\" data-id=\"4fa8d8d\" data-element_type=\"section\" data-e-type=\"section\">\n\t\t\t\t\t\t<div class=\"elementor-container elementor-column-gap-default\">\n\t\t\t\t\t<div class=\"elementor-column elementor-col-100 elementor-top-column elementor-element elementor-element-267ebf6\" data-id=\"267ebf6\" data-element_type=\"column\" data-e-type=\"column\">\n\t\t\t<div class=\"elementor-widget-wrap elementor-element-populated\">\n\t\t\t\t\t\t<div class=\"elementor-element elementor-element-3a65397 elementor-widget elementor-widget-text-editor\" data-id=\"3a65397\" data-element_type=\"widget\" data-e-type=\"widget\" data-widget_type=\"text-editor.default\">\n\t\t\t\t<div class=\"elementor-widget-container\">\n\t\t\t\t\t\t\t\t\t<p>M\u0113s pied\u0101v\u0101jam divu veidu gr\u012bdas segumus ledus virsmas aizsardz\u012bbai.  Izv\u0113lieties, kur\u0161 produkts Jums ir piem\u0113rot\u0101kais, uzklik\u0161\u0137inot uz produkta nosaukuma.<\/p>\t\t\t\t\t\t\t\t<\/div>\n\t\t\t\t<\/div>\n\t\t\t\t\t<\/div>\n\t\t<\/div>\n\t\t\t\t\t<\/div>\n\t\t<\/section>\n\t\t\t\t<section class=\"elementor-section elementor-top-section elementor-element elementor-element-482fae4b elementor-section-boxed elementor-section-height-default elementor-section-height-default\" data-id=\"482fae4b\" data-element_type=\"section\" data-e-type=\"section\">\n\t\t\t\t\t\t<div class=\"elementor-container elementor-column-gap-default\">\n\t\t\t\t\t<div class=\"make-column-clickable-elementor elementor-column elementor-col-50 elementor-top-column elementor-element elementor-element-1a1ee63b\" style=\"cursor: pointer;\" data-column-clickable=\"https:\/\/multiarena.no\/mobile-gulv\/armordeck-ice\/\" data-column-clickable-blank=\"_self\" data-id=\"1a1ee63b\" data-element_type=\"column\" data-e-type=\"column\">\n\t\t\t<div class=\"elementor-widget-wrap elementor-element-populated\">\n\t\t\t\t\t\t<div class=\"elementor-element elementor-element-1a769256 elementor-align-center elementor-widget elementor-widget-button\" data-id=\"1a769256\" data-element_type=\"widget\" data-e-type=\"widget\" data-widget_type=\"button.default\">\n\t\t\t\t<div class=\"elementor-widget-container\">\n\t\t\t\t\t\t\t\t\t<div class=\"elementor-button-wrapper\">\n\t\t\t\t\t<a class=\"elementor-button elementor-button-link elementor-size-xl\" href=\"https:\/\/multiarena.no\/lv\/mobile-gulv\/armordeck-ice\/\">\n\t\t\t\t\t\t<span class=\"elementor-button-content-wrapper\">\n\t\t\t\t\t\t\t\t\t<span class=\"elementor-button-text\">ArmorDeck ICE<\/span>\n\t\t\t\t\t<\/span>\n\t\t\t\t\t<\/a>\n\t\t\t\t<\/div>\n\t\t\t\t\t\t\t\t<\/div>\n\t\t\t\t<\/div>\n\t\t\t\t<div class=\"elementor-element elementor-element-e61c2da elementor-widget elementor-widget-text-editor\" data-id=\"e61c2da\" data-element_type=\"widget\" data-e-type=\"widget\" data-widget_type=\"text-editor.default\">\n\t\t\t\t<div class=\"elementor-widget-container\">\n\t\t\t\t\t\t\t\t\t<p><strong>J\u016bsu ledus ar\u0113na k\u013c\u016bs par pas\u0101kumu ar\u0113nu\u00a0<\/strong><\/p><p>P\u0101rveidojiet J\u016bsu slido\u0161anas vai hokeja ar\u0113nu par multifunkcion\u0101lu ar\u0113nu. Pied\u0101v\u0101jot daudzveid\u012bg\u0101kus pakalpojumus, J\u016bs g\u016bsiet augst\u0101kus ien\u0101kumus.<\/p>\t\t\t\t\t\t\t\t<\/div>\n\t\t\t\t<\/div>\n\t\t\t\t\t<\/div>\n\t\t<\/div>\n\t\t\t\t<div class=\"make-column-clickable-elementor elementor-column elementor-col-50 elementor-top-column elementor-element elementor-element-5054b589\" style=\"cursor: pointer;\" data-column-clickable=\"https:\/\/multiarena.no\/mobile-gulv\/ultradeck\/ultradeck-ice\/\" data-column-clickable-blank=\"_self\" data-id=\"5054b589\" data-element_type=\"column\" data-e-type=\"column\">\n\t\t\t<div class=\"elementor-widget-wrap elementor-element-populated\">\n\t\t\t\t\t\t<div class=\"elementor-element elementor-element-24559830 elementor-align-center elementor-widget elementor-widget-button\" data-id=\"24559830\" data-element_type=\"widget\" data-e-type=\"widget\" data-widget_type=\"button.default\">\n\t\t\t\t<div class=\"elementor-widget-container\">\n\t\t\t\t\t\t\t\t\t<div class=\"elementor-button-wrapper\">\n\t\t\t\t\t<a class=\"elementor-button elementor-button-link elementor-size-xl\" href=\"https:\/\/multiarena.no\/lv\/mobile-gulv\/ultradeck\/ultradeck-ice\/\">\n\t\t\t\t\t\t<span class=\"elementor-button-content-wrapper\">\n\t\t\t\t\t\t\t\t\t<span class=\"elementor-button-text\">UltraDeck ICE<\/span>\n\t\t\t\t\t<\/span>\n\t\t\t\t\t<\/a>\n\t\t\t\t<\/div>\n\t\t\t\t\t\t\t\t<\/div>\n\t\t\t\t<\/div>\n\t\t\t\t<div class=\"elementor-element elementor-element-3ba7ed8 elementor-widget elementor-widget-text-editor\" data-id=\"3ba7ed8\" data-element_type=\"widget\" data-e-type=\"widget\" data-widget_type=\"text-editor.default\">\n\t\t\t\t<div class=\"elementor-widget-container\">\n\t\t\t\t\t\t\t\t\t<p><strong>Pasaul\u0113 visbie\u017e\u0101k izmantots gr\u012bdas segums ledus un hokeja ar\u0113n\u0101s!<\/strong><\/p><p>Signature uz\u0146\u0113muma sp\u0113c\u012bg\u0101 poz\u012bcija Zieme\u013camerik\u0101 padara UltraDeck par izmantojam\u0101ko ledus p\u0101rsegu pasaul\u0113.<\/p>\t\t\t\t\t\t\t\t<\/div>\n\t\t\t\t<\/div>\n\t\t\t\t\t<\/div>\n\t\t<\/div>\n\t\t\t\t\t<\/div>\n\t\t<\/section>\n\t\t\t\t<section class=\"elementor-section elementor-top-section elementor-element elementor-element-cf425cd elementor-section-boxed elementor-section-height-default elementor-section-height-default\" data-id=\"cf425cd\" data-element_type=\"section\" data-e-type=\"section\">\n\t\t\t\t\t\t<div class=\"elementor-container elementor-column-gap-default\">\n\t\t\t\t\t<div class=\"elementor-column elementor-col-100 elementor-top-column elementor-element elementor-element-9e67a6d\" data-id=\"9e67a6d\" data-element_type=\"column\" data-e-type=\"column\">\n\t\t\t<div class=\"elementor-widget-wrap elementor-element-populated\">\n\t\t\t\t\t\t<div class=\"elementor-element elementor-element-a14d842 elementor-widget elementor-widget-spacer\" data-id=\"a14d842\" data-element_type=\"widget\" data-e-type=\"widget\" data-widget_type=\"spacer.default\">\n\t\t\t\t<div class=\"elementor-widget-container\">\n\t\t\t\t\t\t\t<div class=\"elementor-spacer\">\n\t\t\t<div class=\"elementor-spacer-inner\"><\/div>\n\t\t<\/div>\n\t\t\t\t\t\t<\/div>\n\t\t\t\t<\/div>\n\t\t\t\t\t<\/div>\n\t\t<\/div>\n\t\t\t\t\t<\/div>\n\t\t<\/section>\n\t\t\t\t<\/div>","protected":false},"excerpt":{"rendered":"<p>Vi tilbyr to mobile gulv for beskyttelse av isflater. Trykk p\u00e5 en av knappene nedenfor. ArmorDeck ICE Gj\u00f8r ishallen din til en flerbrukshall !\u00a0 Omgj\u00f8r sk\u00f8ytearenaen eller ishockeyarenaen til en multiarena, og realiserer merinntektsmulighetene som ligger i et ekte flerbruksanlegg. UltraDeck ICE Ett av verdens mest benyttede mobile gulv for hockeyarenaer og isstadioner! Signature\u00b4s sterke [&hellip;]<\/p>\n","protected":false},"author":1,"featured_media":0,"parent":239,"menu_order":0,"comment_status":"closed","ping_status":"closed","template":"","meta":{"footnotes":""},"categories":[1],"tags":[77,46,76,48,49,47,34],"class_list":["post-3318","page","type-page","status-publish","hentry","category-mobile-gulv","tag-beskyttelse-av-isarena","tag-beskyttelse-av-isen","tag-beskyttelse-av-isflater","tag-flerbruksanlegg","tag-flerbrukshall","tag-ishall","tag-mobile-gulv"],"yoast_head":"<!-- This site is optimized with the Yoast SEO Premium plugin v27.3 (Yoast SEO v27.3) - https:\/\/yoast.com\/product\/yoast-seo-premium-wordpress\/ -->\n<title>Ice Cover &amp; Isbeskyttelse | 22 kg\/cm\u00b2 Belastning<\/title>\n<meta name=\"description\" content=\"Rask konvertering av ishall. 5,08 cm isolerende luftlag t\u00e5ler tung rigg og messer. UL 94HB brannklasse og 3 \u00e5rs garanti. Se tekniske data her.\" \/>\n<meta name=\"robots\" content=\"index, follow, max-snippet:-1, max-image-preview:large, max-video-preview:-1\" \/>\n<link rel=\"canonical\" href=\"https:\/\/multiarena.no\/lv\/mobile-gulv\/ice-cover\/\" \/>\n<meta property=\"og:locale\" content=\"lv_LV\" \/>\n<meta property=\"og:type\" content=\"article\" \/>\n<meta property=\"og:title\" content=\"ICE Cover\" \/>\n<meta property=\"og:description\" content=\"Rask konvertering av ishall. 5,08 cm isolerende luftlag t\u00e5ler tung rigg og messer. UL 94HB brannklasse og 3 \u00e5rs garanti. Se tekniske data her.\" \/>\n<meta property=\"og:url\" content=\"https:\/\/multiarena.no\/lv\/mobile-gulv\/ice-cover\/\" \/>\n<meta property=\"og:site_name\" content=\"Multiarena AS\" \/>\n<meta property=\"article:publisher\" content=\"https:\/\/www.facebook.com\/multiarenaas\" \/>\n<meta property=\"article:modified_time\" content=\"2026-03-30T07:53:28+00:00\" \/>\n<meta name=\"twitter:card\" content=\"summary_large_image\" \/>\n<meta name=\"twitter:label1\" content=\"Est. reading time\" \/>\n\t<meta name=\"twitter:data1\" content=\"1 min\u016bte\" \/>\n<script type=\"application\/ld+json\" class=\"yoast-schema-graph\">{\"@context\":\"https:\\\/\\\/schema.org\",\"@graph\":[{\"@type\":\"WebPage\",\"@id\":\"https:\\\/\\\/multiarena.no\\\/mobile-gulv\\\/ice-cover\\\/\",\"url\":\"https:\\\/\\\/multiarena.no\\\/mobile-gulv\\\/ice-cover\\\/\",\"name\":\"Ice Cover & Isbeskyttelse | 22 kg\\\/cm\u00b2 Belastning\",\"isPartOf\":{\"@id\":\"https:\\\/\\\/multiarena.no\\\/#website\"},\"datePublished\":\"2019-11-19T12:31:50+00:00\",\"dateModified\":\"2026-03-30T07:53:28+00:00\",\"description\":\"Rask konvertering av ishall. 5,08 cm isolerende luftlag t\u00e5ler tung rigg og messer. UL 94HB brannklasse og 3 \u00e5rs garanti. Se tekniske data her.\",\"breadcrumb\":{\"@id\":\"https:\\\/\\\/multiarena.no\\\/mobile-gulv\\\/ice-cover\\\/#breadcrumb\"},\"inLanguage\":\"lv-LV\",\"potentialAction\":[{\"@type\":\"ReadAction\",\"target\":[\"https:\\\/\\\/multiarena.no\\\/mobile-gulv\\\/ice-cover\\\/\"]}]},{\"@type\":\"BreadcrumbList\",\"@id\":\"https:\\\/\\\/multiarena.no\\\/mobile-gulv\\\/ice-cover\\\/#breadcrumb\",\"itemListElement\":[{\"@type\":\"ListItem\",\"position\":1,\"name\":\"Home\",\"item\":\"https:\\\/\\\/multiarena.no\\\/\"},{\"@type\":\"ListItem\",\"position\":2,\"name\":\"Mobile gulv\",\"item\":\"http:\\\/\\\/multiarena.no\\\/en\\\/category\\\/mobile-gulv\\\/\"},{\"@type\":\"ListItem\",\"position\":3,\"name\":\"Mobile gulv\",\"item\":\"https:\\\/\\\/multiarena.no\\\/mobile-gulv\\\/\"},{\"@type\":\"ListItem\",\"position\":4,\"name\":\"ICE Cover\"}]},{\"@type\":\"WebSite\",\"@id\":\"https:\\\/\\\/multiarena.no\\\/#website\",\"url\":\"https:\\\/\\\/multiarena.no\\\/\",\"name\":\"Multiarena AS\",\"description\":\"Mobile gulv for enhver anledning!\",\"publisher\":{\"@id\":\"https:\\\/\\\/multiarena.no\\\/#organization\"},\"potentialAction\":[{\"@type\":\"SearchAction\",\"target\":{\"@type\":\"EntryPoint\",\"urlTemplate\":\"https:\\\/\\\/multiarena.no\\\/?s={search_term_string}\"},\"query-input\":{\"@type\":\"PropertyValueSpecification\",\"valueRequired\":true,\"valueName\":\"search_term_string\"}}],\"inLanguage\":\"lv-LV\"},{\"@type\":\"Organization\",\"@id\":\"https:\\\/\\\/multiarena.no\\\/#organization\",\"name\":\"Multiarena AS\",\"url\":\"https:\\\/\\\/multiarena.no\\\/\",\"logo\":{\"@type\":\"ImageObject\",\"inLanguage\":\"lv-LV\",\"@id\":\"https:\\\/\\\/multiarena.no\\\/#\\\/schema\\\/logo\\\/image\\\/\",\"url\":\"https:\\\/\\\/multiarena.no\\\/wp-content\\\/uploads\\\/2018\\\/12\\\/Multiarena-logo_medium.png\",\"contentUrl\":\"https:\\\/\\\/multiarena.no\\\/wp-content\\\/uploads\\\/2018\\\/12\\\/Multiarena-logo_medium.png\",\"width\":604,\"height\":120,\"caption\":\"Multiarena AS\"},\"image\":{\"@id\":\"https:\\\/\\\/multiarena.no\\\/#\\\/schema\\\/logo\\\/image\\\/\"},\"sameAs\":[\"https:\\\/\\\/www.facebook.com\\\/multiarenaas\"]}]}<\/script>\n<!-- \/ Yoast SEO Premium plugin. -->","yoast_head_json":{"title":"Ice Cover & Isbeskyttelse | 22 kg\/cm\u00b2 Belastning","description":"Rask konvertering av ishall. 5,08 cm isolerende luftlag t\u00e5ler tung rigg og messer. UL 94HB brannklasse og 3 \u00e5rs garanti. Se tekniske data her.","robots":{"index":"index","follow":"follow","max-snippet":"max-snippet:-1","max-image-preview":"max-image-preview:large","max-video-preview":"max-video-preview:-1"},"canonical":"https:\/\/multiarena.no\/lv\/mobile-gulv\/ice-cover\/","og_locale":"lv_LV","og_type":"article","og_title":"ICE Cover","og_description":"Rask konvertering av ishall. 5,08 cm isolerende luftlag t\u00e5ler tung rigg og messer. UL 94HB brannklasse og 3 \u00e5rs garanti. Se tekniske data her.","og_url":"https:\/\/multiarena.no\/lv\/mobile-gulv\/ice-cover\/","og_site_name":"Multiarena AS","article_publisher":"https:\/\/www.facebook.com\/multiarenaas","article_modified_time":"2026-03-30T07:53:28+00:00","twitter_card":"summary_large_image","twitter_misc":{"Est. reading time":"1 min\u016bte"},"schema":{"@context":"https:\/\/schema.org","@graph":[{"@type":"WebPage","@id":"https:\/\/multiarena.no\/mobile-gulv\/ice-cover\/","url":"https:\/\/multiarena.no\/mobile-gulv\/ice-cover\/","name":"Ice Cover & Isbeskyttelse | 22 kg\/cm\u00b2 Belastning","isPartOf":{"@id":"https:\/\/multiarena.no\/#website"},"datePublished":"2019-11-19T12:31:50+00:00","dateModified":"2026-03-30T07:53:28+00:00","description":"Rask konvertering av ishall. 5,08 cm isolerende luftlag t\u00e5ler tung rigg og messer. UL 94HB brannklasse og 3 \u00e5rs garanti. Se tekniske data her.","breadcrumb":{"@id":"https:\/\/multiarena.no\/mobile-gulv\/ice-cover\/#breadcrumb"},"inLanguage":"lv-LV","potentialAction":[{"@type":"ReadAction","target":["https:\/\/multiarena.no\/mobile-gulv\/ice-cover\/"]}]},{"@type":"BreadcrumbList","@id":"https:\/\/multiarena.no\/mobile-gulv\/ice-cover\/#breadcrumb","itemListElement":[{"@type":"ListItem","position":1,"name":"Home","item":"https:\/\/multiarena.no\/"},{"@type":"ListItem","position":2,"name":"Mobile gulv","item":"http:\/\/multiarena.no\/en\/category\/mobile-gulv\/"},{"@type":"ListItem","position":3,"name":"Mobile gulv","item":"https:\/\/multiarena.no\/mobile-gulv\/"},{"@type":"ListItem","position":4,"name":"ICE Cover"}]},{"@type":"WebSite","@id":"https:\/\/multiarena.no\/#website","url":"https:\/\/multiarena.no\/","name":"Multiarena AS","description":"Mobile gulv for enhver anledning!","publisher":{"@id":"https:\/\/multiarena.no\/#organization"},"potentialAction":[{"@type":"SearchAction","target":{"@type":"EntryPoint","urlTemplate":"https:\/\/multiarena.no\/?s={search_term_string}"},"query-input":{"@type":"PropertyValueSpecification","valueRequired":true,"valueName":"search_term_string"}}],"inLanguage":"lv-LV"},{"@type":"Organization","@id":"https:\/\/multiarena.no\/#organization","name":"Multiarena AS","url":"https:\/\/multiarena.no\/","logo":{"@type":"ImageObject","inLanguage":"lv-LV","@id":"https:\/\/multiarena.no\/#\/schema\/logo\/image\/","url":"https:\/\/multiarena.no\/wp-content\/uploads\/2018\/12\/Multiarena-logo_medium.png","contentUrl":"https:\/\/multiarena.no\/wp-content\/uploads\/2018\/12\/Multiarena-logo_medium.png","width":604,"height":120,"caption":"Multiarena AS"},"image":{"@id":"https:\/\/multiarena.no\/#\/schema\/logo\/image\/"},"sameAs":["https:\/\/www.facebook.com\/multiarenaas"]}]}},"_links":{"self":[{"href":"https:\/\/multiarena.no\/lv\/wp-json\/wp\/v2\/pages\/3318","targetHints":{"allow":["GET"]}}],"collection":[{"href":"https:\/\/multiarena.no\/lv\/wp-json\/wp\/v2\/pages"}],"about":[{"href":"https:\/\/multiarena.no\/lv\/wp-json\/wp\/v2\/types\/page"}],"author":[{"embeddable":true,"href":"https:\/\/multiarena.no\/lv\/wp-json\/wp\/v2\/users\/1"}],"replies":[{"embeddable":true,"href":"https:\/\/multiarena.no\/lv\/wp-json\/wp\/v2\/comments?post=3318"}],"version-history":[{"count":2,"href":"https:\/\/multiarena.no\/lv\/wp-json\/wp\/v2\/pages\/3318\/revisions"}],"predecessor-version":[{"id":6519,"href":"https:\/\/multiarena.no\/lv\/wp-json\/wp\/v2\/pages\/3318\/revisions\/6519"}],"up":[{"embeddable":true,"href":"https:\/\/multiarena.no\/lv\/wp-json\/wp\/v2\/pages\/239"}],"wp:attachment":[{"href":"https:\/\/multiarena.no\/lv\/wp-json\/wp\/v2\/media?parent=3318"}],"wp:term":[{"taxonomy":"category","embeddable":true,"href":"https:\/\/multiarena.no\/lv\/wp-json\/wp\/v2\/categories?post=3318"},{"taxonomy":"post_tag","embeddable":true,"href":"https:\/\/multiarena.no\/lv\/wp-json\/wp\/v2\/tags?post=3318"}],"curies":[{"name":"wp","href":"https:\/\/api.w.org\/{rel}","templated":true}]}}