{"id":360,"date":"2018-12-29T17:42:14","date_gmt":"2018-12-29T16:42:14","guid":{"rendered":"http:\/\/d7cgckuzbglox5ww.prev.site\/?page_id=360"},"modified":"2020-02-19T10:37:42","modified_gmt":"2020-02-19T09:37:42","slug":"kontakt","status":"publish","type":"page","link":"https:\/\/multiarena.no\/is\/kontakt\/","title":{"rendered":"HAFA SAMBAND"},"content":{"rendered":"<div data-elementor-type=\"wp-post\" data-elementor-id=\"360\" class=\"elementor elementor-360\" data-elementor-post-type=\"page\">\n\t\t\t\t\t\t<section class=\"elementor-section elementor-top-section elementor-element elementor-element-1141795 elementor-section-boxed elementor-section-height-default elementor-section-height-default\" data-id=\"1141795\" data-element_type=\"section\" data-e-type=\"section\">\n\t\t\t\t\t\t<div class=\"elementor-container elementor-column-gap-default\">\n\t\t\t\t\t<div class=\"elementor-column elementor-col-100 elementor-top-column elementor-element elementor-element-0fdc582\" data-id=\"0fdc582\" data-element_type=\"column\" data-e-type=\"column\">\n\t\t\t<div class=\"elementor-widget-wrap elementor-element-populated\">\n\t\t\t\t\t\t<div class=\"elementor-element elementor-element-05091bc elementor-widget elementor-widget-spacer\" data-id=\"05091bc\" data-element_type=\"widget\" data-e-type=\"widget\" data-widget_type=\"spacer.default\">\n\t\t\t\t<div class=\"elementor-widget-container\">\n\t\t\t\t\t\t\t<div class=\"elementor-spacer\">\n\t\t\t<div class=\"elementor-spacer-inner\"><\/div>\n\t\t<\/div>\n\t\t\t\t\t\t<\/div>\n\t\t\t\t<\/div>\n\t\t\t\t\t<\/div>\n\t\t<\/div>\n\t\t\t\t\t<\/div>\n\t\t<\/section>\n\t\t\t\t<section class=\"elementor-section elementor-top-section elementor-element elementor-element-32d90812 elementor-section-content-middle elementor-section-boxed elementor-section-height-default elementor-section-height-default\" data-id=\"32d90812\" data-element_type=\"section\" data-e-type=\"section\">\n\t\t\t\t\t\t<div class=\"elementor-container elementor-column-gap-no\">\n\t\t\t\t\t<div class=\"elementor-column elementor-col-100 elementor-top-column elementor-element elementor-element-76b6899b\" data-id=\"76b6899b\" data-element_type=\"column\" data-e-type=\"column\">\n\t\t\t<div class=\"elementor-widget-wrap elementor-element-populated\">\n\t\t\t\t\t\t<div class=\"elementor-element elementor-element-94f3e25 elementor-widget elementor-widget-heading\" data-id=\"94f3e25\" data-element_type=\"widget\" data-e-type=\"widget\" data-widget_type=\"heading.default\">\n\t\t\t\t<div class=\"elementor-widget-container\">\n\t\t\t\t\t<h2 class=\"elementor-heading-title elementor-size-default\">Veldu vi\u00f0komandi v\u00f6rusv\u00e6\u00f0i <\/h2>\t\t\t\t<\/div>\n\t\t\t\t<\/div>\n\t\t\t\t<section class=\"elementor-section elementor-inner-section elementor-element elementor-element-627b5171 elementor-section-boxed elementor-section-height-default elementor-section-height-default\" data-id=\"627b5171\" data-element_type=\"section\" data-e-type=\"section\">\n\t\t\t\t\t\t<div class=\"elementor-container elementor-column-gap-wider\">\n\t\t\t\t\t<div class=\"make-column-clickable-elementor elementor-column elementor-col-50 elementor-inner-column elementor-element elementor-element-771c6b87\" style=\"cursor: pointer;\" data-column-clickable=\"https:\/\/multiarena.no\/mobile-gulv\/\" data-column-clickable-blank=\"_self\" data-id=\"771c6b87\" data-element_type=\"column\" data-e-type=\"column\" data-settings=\"{&quot;background_background&quot;:&quot;classic&quot;}\">\n\t\t\t<div class=\"elementor-widget-wrap elementor-element-populated\">\n\t\t\t\t\t\t<div class=\"elementor-element elementor-element-562c9dd elementor-widget elementor-widget-heading\" data-id=\"562c9dd\" data-element_type=\"widget\" data-e-type=\"widget\" data-widget_type=\"heading.default\">\n\t\t\t\t<div class=\"elementor-widget-container\">\n\t\t\t\t\t<h2 class=\"elementor-heading-title elementor-size-xxl\">Fj\u00f6lnota g\u00f3lf<\/h2>\t\t\t\t<\/div>\n\t\t\t\t<\/div>\n\t\t\t\t\t<\/div>\n\t\t<\/div>\n\t\t\t\t<div class=\"make-column-clickable-elementor elementor-column elementor-col-50 elementor-inner-column elementor-element elementor-element-b58a83a\" style=\"cursor: pointer;\" data-column-clickable=\"https:\/\/multiarena.no\/kjoreplater\/\" data-column-clickable-blank=\"_self\" data-id=\"b58a83a\" data-element_type=\"column\" data-e-type=\"column\" data-settings=\"{&quot;background_background&quot;:&quot;classic&quot;}\">\n\t\t\t<div class=\"elementor-widget-wrap elementor-element-populated\">\n\t\t\t\t\t\t<div class=\"elementor-element elementor-element-6bf60d0 elementor-widget elementor-widget-heading\" data-id=\"6bf60d0\" data-element_type=\"widget\" data-e-type=\"widget\" data-widget_type=\"heading.default\">\n\t\t\t\t<div class=\"elementor-widget-container\">\n\t\t\t\t\t<h2 class=\"elementor-heading-title elementor-size-xxl\">Aksturspl\u00f6tur<\/h2>\t\t\t\t<\/div>\n\t\t\t\t<\/div>\n\t\t\t\t\t<\/div>\n\t\t<\/div>\n\t\t\t\t\t<\/div>\n\t\t<\/section>\n\t\t\t\t<section class=\"elementor-section elementor-inner-section elementor-element elementor-element-27beaac elementor-section-boxed elementor-section-height-default elementor-section-height-default\" data-id=\"27beaac\" data-element_type=\"section\" data-e-type=\"section\">\n\t\t\t\t\t\t<div class=\"elementor-container elementor-column-gap-wider\">\n\t\t\t\t\t<div class=\"make-column-clickable-elementor elementor-column elementor-col-50 elementor-inner-column elementor-element elementor-element-b0a2327\" style=\"cursor: pointer;\" data-column-clickable=\"https:\/\/multiarena.no\/kunstige-isbaner\/\" data-column-clickable-blank=\"_self\" data-id=\"b0a2327\" data-element_type=\"column\" data-e-type=\"column\" data-settings=\"{&quot;background_background&quot;:&quot;classic&quot;}\">\n\t\t\t<div class=\"elementor-widget-wrap elementor-element-populated\">\n\t\t\t\t\t\t<div class=\"elementor-element elementor-element-4e351a3 elementor-widget elementor-widget-heading\" data-id=\"4e351a3\" data-element_type=\"widget\" data-e-type=\"widget\" data-widget_type=\"heading.default\">\n\t\t\t\t<div class=\"elementor-widget-container\">\n\t\t\t\t\t<h2 class=\"elementor-heading-title elementor-size-xxl\">KUNSTIGE ISBANER<\/h2>\t\t\t\t<\/div>\n\t\t\t\t<\/div>\n\t\t\t\t\t<\/div>\n\t\t<\/div>\n\t\t\t\t<div class=\"make-column-clickable-elementor elementor-column elementor-col-50 elementor-inner-column elementor-element elementor-element-11888ec\" style=\"cursor: pointer;\" data-column-clickable=\"https:\/\/multiarena.no\/gulvbeskyttelse\/\" data-column-clickable-blank=\"_self\" data-id=\"11888ec\" data-element_type=\"column\" data-e-type=\"column\" data-settings=\"{&quot;background_background&quot;:&quot;classic&quot;}\">\n\t\t\t<div class=\"elementor-widget-wrap elementor-element-populated\">\n\t\t\t\t\t\t<div class=\"elementor-element elementor-element-c096053 elementor-widget elementor-widget-heading\" data-id=\"c096053\" data-element_type=\"widget\" data-e-type=\"widget\" data-widget_type=\"heading.default\">\n\t\t\t\t<div class=\"elementor-widget-container\">\n\t\t\t\t\t<h2 class=\"elementor-heading-title elementor-size-xxl\">GULVBESKYTTELSE<\/h2>\t\t\t\t<\/div>\n\t\t\t\t<\/div>\n\t\t\t\t\t<\/div>\n\t\t<\/div>\n\t\t\t\t\t<\/div>\n\t\t<\/section>\n\t\t\t\t<section class=\"elementor-section elementor-inner-section elementor-element elementor-element-dfef4a8 elementor-section-boxed elementor-section-height-default elementor-section-height-default\" data-id=\"dfef4a8\" data-element_type=\"section\" data-e-type=\"section\">\n\t\t\t\t\t\t<div class=\"elementor-container elementor-column-gap-wider\">\n\t\t\t\t\t<div class=\"make-column-clickable-elementor elementor-column elementor-col-50 elementor-inner-column elementor-element elementor-element-cf337fc\" style=\"cursor: pointer;\" data-column-clickable=\"https:\/\/multiarena.no\/utleie\/\" data-column-clickable-blank=\"_self\" data-id=\"cf337fc\" data-element_type=\"column\" data-e-type=\"column\" data-settings=\"{&quot;background_background&quot;:&quot;classic&quot;}\">\n\t\t\t<div class=\"elementor-widget-wrap elementor-element-populated\">\n\t\t\t\t\t\t<div class=\"elementor-element elementor-element-8d283f3 elementor-widget elementor-widget-heading\" data-id=\"8d283f3\" data-element_type=\"widget\" data-e-type=\"widget\" data-widget_type=\"heading.default\">\n\t\t\t\t<div class=\"elementor-widget-container\">\n\t\t\t\t\t<h2 class=\"elementor-heading-title elementor-size-xxl\">\u00daTLEIGA<\/h2>\t\t\t\t<\/div>\n\t\t\t\t<\/div>\n\t\t\t\t\t<\/div>\n\t\t<\/div>\n\t\t\t\t<div class=\"make-column-clickable-elementor elementor-column elementor-col-50 elementor-inner-column elementor-element elementor-element-b3ef2fe\" style=\"cursor: pointer;\" data-column-clickable=\"https:\/\/multiarena.no\/telt-og-eventgulv\/\" data-column-clickable-blank=\"_self\" data-id=\"b3ef2fe\" data-element_type=\"column\" data-e-type=\"column\" data-settings=\"{&quot;background_background&quot;:&quot;classic&quot;}\">\n\t\t\t<div class=\"elementor-widget-wrap elementor-element-populated\">\n\t\t\t\t\t\t<div class=\"elementor-element elementor-element-eb66c3a elementor-widget elementor-widget-heading\" data-id=\"eb66c3a\" data-element_type=\"widget\" data-e-type=\"widget\" data-widget_type=\"heading.default\">\n\t\t\t\t<div class=\"elementor-widget-container\">\n\t\t\t\t\t<h2 class=\"elementor-heading-title elementor-size-xxl\">TELT- OG EVENTGULV<\/h2>\t\t\t\t<\/div>\n\t\t\t\t<\/div>\n\t\t\t\t\t<\/div>\n\t\t<\/div>\n\t\t\t\t\t<\/div>\n\t\t<\/section>\n\t\t\t\t<section class=\"elementor-section elementor-inner-section elementor-element elementor-element-2c7a499 elementor-section-boxed elementor-section-height-default elementor-section-height-default\" data-id=\"2c7a499\" data-element_type=\"section\" data-e-type=\"section\">\n\t\t\t\t\t\t<div class=\"elementor-container elementor-column-gap-wider\">\n\t\t\t\t\t<div class=\"make-column-clickable-elementor elementor-column elementor-col-50 elementor-inner-column elementor-element elementor-element-3e48d75\" style=\"cursor: pointer;\" data-column-clickable=\"https:\/\/multiarena.no\/dansegulv\/\" data-column-clickable-blank=\"_self\" data-id=\"3e48d75\" data-element_type=\"column\" data-e-type=\"column\" data-settings=\"{&quot;background_background&quot;:&quot;classic&quot;}\">\n\t\t\t<div class=\"elementor-widget-wrap elementor-element-populated\">\n\t\t\t\t\t\t<div class=\"elementor-element elementor-element-5e126c9 elementor-widget elementor-widget-heading\" data-id=\"5e126c9\" data-element_type=\"widget\" data-e-type=\"widget\" data-widget_type=\"heading.default\">\n\t\t\t\t<div class=\"elementor-widget-container\">\n\t\t\t\t\t<h2 class=\"elementor-heading-title elementor-size-xxl\">DANSEGULV<\/h2>\t\t\t\t<\/div>\n\t\t\t\t<\/div>\n\t\t\t\t\t<\/div>\n\t\t<\/div>\n\t\t\t\t<div class=\"make-column-clickable-elementor elementor-column elementor-col-50 elementor-inner-column elementor-element elementor-element-275dbd5\" style=\"cursor: pointer;\" data-column-clickable=\"https:\/\/multiarena.no\/gjerder-og-sikring\/\" data-column-clickable-blank=\"_self\" data-id=\"275dbd5\" data-element_type=\"column\" data-e-type=\"column\" data-settings=\"{&quot;background_background&quot;:&quot;classic&quot;}\">\n\t\t\t<div class=\"elementor-widget-wrap elementor-element-populated\">\n\t\t\t\t\t\t<div class=\"elementor-element elementor-element-0bec1de elementor-widget elementor-widget-heading\" data-id=\"0bec1de\" data-element_type=\"widget\" data-e-type=\"widget\" data-widget_type=\"heading.default\">\n\t\t\t\t<div class=\"elementor-widget-container\">\n\t\t\t\t\t<h2 class=\"elementor-heading-title elementor-size-xxl\">GJERDER OG SIKRING<\/h2>\t\t\t\t<\/div>\n\t\t\t\t<\/div>\n\t\t\t\t\t<\/div>\n\t\t<\/div>\n\t\t\t\t\t<\/div>\n\t\t<\/section>\n\t\t\t\t<div class=\"elementor-element elementor-element-ea9c2be elementor-widget elementor-widget-spacer\" data-id=\"ea9c2be\" data-element_type=\"widget\" data-e-type=\"widget\" data-widget_type=\"spacer.default\">\n\t\t\t\t<div class=\"elementor-widget-container\">\n\t\t\t\t\t\t\t<div class=\"elementor-spacer\">\n\t\t\t<div class=\"elementor-spacer-inner\"><\/div>\n\t\t<\/div>\n\t\t\t\t\t\t<\/div>\n\t\t\t\t<\/div>\n\t\t\t\t\t<\/div>\n\t\t<\/div>\n\t\t\t\t\t<\/div>\n\t\t<\/section>\n\t\t\t\t<\/div>","protected":false},"excerpt":{"rendered":"<p>Trykk p\u00e5 \u00f8nsket produktomr\u00e5de MOBILE GULV KJ\u00d8REPLATER KUNSTIGE ISBANER GULVBESKYTTELSE UTLEIE TELT- OG EVENTGULV DANSEGULV GJERDER OG SIKRING<\/p>","protected":false},"author":1,"featured_media":0,"parent":0,"menu_order":0,"comment_status":"closed","ping_status":"closed","template":"","meta":{"footnotes":""},"categories":[],"tags":[],"class_list":["post-360","page","type-page","status-publish","hentry"],"yoast_head":"<!-- This site is optimized with the Yoast SEO Premium plugin v27.3 (Yoast SEO v27.3) - https:\/\/yoast.com\/product\/yoast-seo-premium-wordpress\/ -->\n<title>Kontakt - Multiarena AS<\/title>\n<meta name=\"robots\" content=\"index, follow, max-snippet:-1, max-image-preview:large, max-video-preview:-1\" \/>\n<link rel=\"canonical\" href=\"https:\/\/multiarena.no\/is\/kontakt\/\" \/>\n<meta property=\"og:locale\" content=\"is_IS\" \/>\n<meta property=\"og:type\" content=\"article\" \/>\n<meta property=\"og:title\" content=\"Kontakt\" \/>\n<meta property=\"og:description\" content=\"Trykk p\u00e5 \u00f8nsket produktomr\u00e5de MOBILE GULV KJ\u00d8REPLATER KUNSTIGE ISBANER GULVBESKYTTELSE UTLEIE TELT- OG EVENTGULV DANSEGULV GJERDER OG SIKRING\" \/>\n<meta property=\"og:url\" content=\"https:\/\/multiarena.no\/is\/kontakt\/\" \/>\n<meta property=\"og:site_name\" content=\"Multiarena AS\" \/>\n<meta property=\"article:publisher\" content=\"https:\/\/www.facebook.com\/multiarenaas\" \/>\n<meta property=\"article:modified_time\" content=\"2020-02-19T09:37:42+00:00\" \/>\n<meta name=\"twitter:card\" content=\"summary_large_image\" \/>\n<script type=\"application\/ld+json\" class=\"yoast-schema-graph\">{\"@context\":\"https:\\\/\\\/schema.org\",\"@graph\":[{\"@type\":\"WebPage\",\"@id\":\"https:\\\/\\\/multiarena.no\\\/fi\\\/kontakt\\\/\",\"url\":\"https:\\\/\\\/multiarena.no\\\/fi\\\/kontakt\\\/\",\"name\":\"Kontakt - Multiarena AS\",\"isPartOf\":{\"@id\":\"https:\\\/\\\/multiarena.no\\\/#website\"},\"datePublished\":\"2018-12-29T16:42:14+00:00\",\"dateModified\":\"2020-02-19T09:37:42+00:00\",\"breadcrumb\":{\"@id\":\"https:\\\/\\\/multiarena.no\\\/fi\\\/kontakt\\\/#breadcrumb\"},\"inLanguage\":\"is\",\"potentialAction\":[{\"@type\":\"ReadAction\",\"target\":[\"https:\\\/\\\/multiarena.no\\\/fi\\\/kontakt\\\/\"]}]},{\"@type\":\"BreadcrumbList\",\"@id\":\"https:\\\/\\\/multiarena.no\\\/fi\\\/kontakt\\\/#breadcrumb\",\"itemListElement\":[{\"@type\":\"ListItem\",\"position\":1,\"name\":\"Home\",\"item\":\"https:\\\/\\\/multiarena.no\\\/\"},{\"@type\":\"ListItem\",\"position\":2,\"name\":\"Kontakt\"}]},{\"@type\":\"WebSite\",\"@id\":\"https:\\\/\\\/multiarena.no\\\/#website\",\"url\":\"https:\\\/\\\/multiarena.no\\\/\",\"name\":\"Multiarena AS\",\"description\":\"Mobile gulv for enhver anledning!\",\"publisher\":{\"@id\":\"https:\\\/\\\/multiarena.no\\\/#organization\"},\"potentialAction\":[{\"@type\":\"SearchAction\",\"target\":{\"@type\":\"EntryPoint\",\"urlTemplate\":\"https:\\\/\\\/multiarena.no\\\/?s={search_term_string}\"},\"query-input\":{\"@type\":\"PropertyValueSpecification\",\"valueRequired\":true,\"valueName\":\"search_term_string\"}}],\"inLanguage\":\"is\"},{\"@type\":\"Organization\",\"@id\":\"https:\\\/\\\/multiarena.no\\\/#organization\",\"name\":\"Multiarena AS\",\"url\":\"https:\\\/\\\/multiarena.no\\\/\",\"logo\":{\"@type\":\"ImageObject\",\"inLanguage\":\"is\",\"@id\":\"https:\\\/\\\/multiarena.no\\\/#\\\/schema\\\/logo\\\/image\\\/\",\"url\":\"https:\\\/\\\/multiarena.no\\\/wp-content\\\/uploads\\\/2018\\\/12\\\/Multiarena-logo_medium.png\",\"contentUrl\":\"https:\\\/\\\/multiarena.no\\\/wp-content\\\/uploads\\\/2018\\\/12\\\/Multiarena-logo_medium.png\",\"width\":604,\"height\":120,\"caption\":\"Multiarena AS\"},\"image\":{\"@id\":\"https:\\\/\\\/multiarena.no\\\/#\\\/schema\\\/logo\\\/image\\\/\"},\"sameAs\":[\"https:\\\/\\\/www.facebook.com\\\/multiarenaas\"]}]}<\/script>\n<!-- \/ Yoast SEO Premium plugin. -->","yoast_head_json":{"title":"Kontakt - Multiarena AS","robots":{"index":"index","follow":"follow","max-snippet":"max-snippet:-1","max-image-preview":"max-image-preview:large","max-video-preview":"max-video-preview:-1"},"canonical":"https:\/\/multiarena.no\/is\/kontakt\/","og_locale":"is_IS","og_type":"article","og_title":"Kontakt","og_description":"Trykk p\u00e5 \u00f8nsket produktomr\u00e5de MOBILE GULV KJ\u00d8REPLATER KUNSTIGE ISBANER GULVBESKYTTELSE UTLEIE TELT- OG EVENTGULV DANSEGULV GJERDER OG SIKRING","og_url":"https:\/\/multiarena.no\/is\/kontakt\/","og_site_name":"Multiarena AS","article_publisher":"https:\/\/www.facebook.com\/multiarenaas","article_modified_time":"2020-02-19T09:37:42+00:00","twitter_card":"summary_large_image","schema":{"@context":"https:\/\/schema.org","@graph":[{"@type":"WebPage","@id":"https:\/\/multiarena.no\/fi\/kontakt\/","url":"https:\/\/multiarena.no\/fi\/kontakt\/","name":"Kontakt - Multiarena AS","isPartOf":{"@id":"https:\/\/multiarena.no\/#website"},"datePublished":"2018-12-29T16:42:14+00:00","dateModified":"2020-02-19T09:37:42+00:00","breadcrumb":{"@id":"https:\/\/multiarena.no\/fi\/kontakt\/#breadcrumb"},"inLanguage":"is","potentialAction":[{"@type":"ReadAction","target":["https:\/\/multiarena.no\/fi\/kontakt\/"]}]},{"@type":"BreadcrumbList","@id":"https:\/\/multiarena.no\/fi\/kontakt\/#breadcrumb","itemListElement":[{"@type":"ListItem","position":1,"name":"Home","item":"https:\/\/multiarena.no\/"},{"@type":"ListItem","position":2,"name":"Kontakt"}]},{"@type":"WebSite","@id":"https:\/\/multiarena.no\/#website","url":"https:\/\/multiarena.no\/","name":"Multiarena AS","description":"Mobile gulv for enhver anledning!","publisher":{"@id":"https:\/\/multiarena.no\/#organization"},"potentialAction":[{"@type":"SearchAction","target":{"@type":"EntryPoint","urlTemplate":"https:\/\/multiarena.no\/?s={search_term_string}"},"query-input":{"@type":"PropertyValueSpecification","valueRequired":true,"valueName":"search_term_string"}}],"inLanguage":"is"},{"@type":"Organization","@id":"https:\/\/multiarena.no\/#organization","name":"Multiarena AS","url":"https:\/\/multiarena.no\/","logo":{"@type":"ImageObject","inLanguage":"is","@id":"https:\/\/multiarena.no\/#\/schema\/logo\/image\/","url":"https:\/\/multiarena.no\/wp-content\/uploads\/2018\/12\/Multiarena-logo_medium.png","contentUrl":"https:\/\/multiarena.no\/wp-content\/uploads\/2018\/12\/Multiarena-logo_medium.png","width":604,"height":120,"caption":"Multiarena AS"},"image":{"@id":"https:\/\/multiarena.no\/#\/schema\/logo\/image\/"},"sameAs":["https:\/\/www.facebook.com\/multiarenaas"]}]}},"_links":{"self":[{"href":"https:\/\/multiarena.no\/is\/wp-json\/wp\/v2\/pages\/360","targetHints":{"allow":["GET"]}}],"collection":[{"href":"https:\/\/multiarena.no\/is\/wp-json\/wp\/v2\/pages"}],"about":[{"href":"https:\/\/multiarena.no\/is\/wp-json\/wp\/v2\/types\/page"}],"author":[{"embeddable":true,"href":"https:\/\/multiarena.no\/is\/wp-json\/wp\/v2\/users\/1"}],"replies":[{"embeddable":true,"href":"https:\/\/multiarena.no\/is\/wp-json\/wp\/v2\/comments?post=360"}],"version-history":[{"count":0,"href":"https:\/\/multiarena.no\/is\/wp-json\/wp\/v2\/pages\/360\/revisions"}],"wp:attachment":[{"href":"https:\/\/multiarena.no\/is\/wp-json\/wp\/v2\/media?parent=360"}],"wp:term":[{"taxonomy":"category","embeddable":true,"href":"https:\/\/multiarena.no\/is\/wp-json\/wp\/v2\/categories?post=360"},{"taxonomy":"post_tag","embeddable":true,"href":"https:\/\/multiarena.no\/is\/wp-json\/wp\/v2\/tags?post=360"}],"curies":[{"name":"wp","href":"https:\/\/api.w.org\/{rel}","templated":true}]}}