{"id":1273,"date":"2019-01-14T15:19:37","date_gmt":"2019-01-14T14:19:37","guid":{"rendered":"http:\/\/d7cgckuzbglox5ww.prev.site\/?page_id=1273"},"modified":"2025-12-11T15:02:03","modified_gmt":"2025-12-11T14:02:03","slug":"om-oss","status":"publish","type":"page","link":"https:\/\/multiarena.no\/is\/um-multiarena\/","title":{"rendered":"Um Multiarena"},"content":{"rendered":"\t\t<div data-elementor-type=\"wp-post\" data-elementor-id=\"1273\" class=\"elementor elementor-1273\" data-elementor-post-type=\"page\">\n\t\t\t\t\t\t<section class=\"elementor-section elementor-top-section elementor-element elementor-element-4f108418 elementor-section-content-middle elementor-section-boxed elementor-section-height-default elementor-section-height-default\" data-id=\"4f108418\" data-element_type=\"section\" data-e-type=\"section\">\n\t\t\t\t\t\t<div class=\"elementor-container elementor-column-gap-no\">\n\t\t\t\t\t<div class=\"elementor-column elementor-col-100 elementor-top-column elementor-element elementor-element-36726020\" data-id=\"36726020\" data-element_type=\"column\" data-e-type=\"column\">\n\t\t\t<div class=\"elementor-widget-wrap elementor-element-populated\">\n\t\t\t\t\t\t<div class=\"elementor-element elementor-element-fd91d23 elementor-widget elementor-widget-heading\" data-id=\"fd91d23\" data-element_type=\"widget\" data-e-type=\"widget\" data-widget_type=\"heading.default\">\n\t\t\t\t<div class=\"elementor-widget-container\">\n\t\t\t\t\t<h3 class=\"elementor-heading-title elementor-size-default\">Multiarena AS<\/h3>\t\t\t\t<\/div>\n\t\t\t\t<\/div>\n\t\t\t\t<section class=\"elementor-section elementor-inner-section elementor-element elementor-element-0885e30 elementor-section-boxed elementor-section-height-default elementor-section-height-default\" data-id=\"0885e30\" data-element_type=\"section\" data-e-type=\"section\">\n\t\t\t\t\t\t<div class=\"elementor-container elementor-column-gap-default\">\n\t\t\t\t\t<div class=\"elementor-column elementor-col-50 elementor-inner-column elementor-element elementor-element-c68b7e4\" data-id=\"c68b7e4\" data-element_type=\"column\" data-e-type=\"column\">\n\t\t\t<div class=\"elementor-widget-wrap elementor-element-populated\">\n\t\t\t\t\t\t<div class=\"elementor-element elementor-element-8403009 elementor-widget elementor-widget-text-editor\" data-id=\"8403009\" data-element_type=\"widget\" data-e-type=\"widget\" data-widget_type=\"text-editor.default\">\n\t\t\t\t<div class=\"elementor-widget-container\">\n\t\t\t\t\t\t\t\t\t<p>Multiarena AS er en import\u00f8r til det nordiske og baltiske markedet av ulike typer mobile gulv og kj\u00f8replatesystemer.<\/p>\t\t\t\t\t\t\t\t<\/div>\n\t\t\t\t<\/div>\n\t\t\t\t<div class=\"elementor-element elementor-element-8016158 elementor-widget elementor-widget-text-editor\" data-id=\"8016158\" data-element_type=\"widget\" data-e-type=\"widget\" data-widget_type=\"text-editor.default\">\n\t\t\t\t<div class=\"elementor-widget-container\">\n\t\t\t\t\t\t\t\t\t<p>Mange av Multiarenas l\u00f8sninger er blant verdens mest brukte og anerkjente l\u00f8sninger. Eksempelvis s\u00e5 finner man v\u00e5re mobile gulv p\u00e5 flere av verdens mest prestisjetunge arenaer og stadioner omkring i verden, der de har bevist sin styrke gjennom utstrakt bruk.<\/p>\n<p>Innenfor enkelte forretningsomr\u00e5der leder ogs\u00e5 Multiarena AS salgs- og kundeoppf\u00f8lging.<\/p>\n<p>Innenfor andre markedssegmenter foretrekker vi at kundeoppf\u00f8lgingen skjer via et forhandlernettverk, for \u00e5 kunne yte den aller beste service til sluttbruker<\/p>\t\t\t\t\t\t\t\t<\/div>\n\t\t\t\t<\/div>\n\t\t\t\t<div class=\"elementor-element elementor-element-ca52188 elementor-widget elementor-widget-heading\" data-id=\"ca52188\" data-element_type=\"widget\" data-e-type=\"widget\" data-widget_type=\"heading.default\">\n\t\t\t\t<div class=\"elementor-widget-container\">\n\t\t\t\t\t<h4 class=\"elementor-heading-title elementor-size-default\">Mobile gulv og mobile beskyttelsesmatter<\/h4>\t\t\t\t<\/div>\n\t\t\t\t<\/div>\n\t\t\t\t<div class=\"elementor-element elementor-element-94ede5e elementor-widget elementor-widget-text-editor\" data-id=\"94ede5e\" data-element_type=\"widget\" data-e-type=\"widget\" data-widget_type=\"text-editor.default\">\n\t\t\t\t<div class=\"elementor-widget-container\">\n\t\t\t\t\t\t\t\t\t<p>Uansett om du skal arrangere en konsert eller en mindre sammenkomst, vil et banedekke fra Multiarena AS beskytte underlag som kunstgress, naturgress, eller kunstis. Eller kanskje et eksisterende gulv trenger beskyttelse, slik som f.eks. et sportsgulv i en innend\u00f8rshall?<\/p><p>Se gjerne for deg at du kan tilpasse eiendommen eller stadionanlegget for flerbruksaktiviteter i egnet skala. Med bedre fleksibilitet \u00f8ker du omsetningen ved \u00e5 \u00e5pne anlegget ditt for messer, konserter, bedriftssamlinger, prisutdelinger og andre arrangement.<\/p>\t\t\t\t\t\t\t\t<\/div>\n\t\t\t\t<\/div>\n\t\t\t\t<div class=\"elementor-element elementor-element-9c76809 elementor-widget elementor-widget-heading\" data-id=\"9c76809\" data-element_type=\"widget\" data-e-type=\"widget\" data-widget_type=\"heading.default\">\n\t\t\t\t<div class=\"elementor-widget-container\">\n\t\t\t\t\t<h4 class=\"elementor-heading-title elementor-size-default\">Mobile veier, mobile parkeringsplasser, mobile veitras\u00e9er<\/h4>\t\t\t\t<\/div>\n\t\t\t\t<\/div>\n\t\t\t\t<div class=\"elementor-element elementor-element-ab85a56 elementor-widget elementor-widget-text-editor\" data-id=\"ab85a56\" data-element_type=\"widget\" data-e-type=\"widget\" data-widget_type=\"text-editor.default\">\n\t\t\t\t<div class=\"elementor-widget-container\">\n\t\t\t\t\t\t\t\t\t<p>Mange eiendomsbesittere forvalter ulike arealer som b\u00f8r sk\u00e5nes i st\u00f8rst mulig grad under ulike events eller entrepren\u00f8rarbeid.&nbsp;<br><br>Entrepren\u00f8ren er samtidig opptatt av en god tilgang for alle sine maskiner og sitt utstyr, for \u00e5 kunne gj\u00f8re jobben mest mulig kostnadseffektivt.&nbsp;<br><br>Multiarenas ulike kj\u00f8replatesystemer er ett kinderegg, som im\u00f8tekommer og forener b\u00e5de gruneierens og landskapsentrepren\u00f8rens interesser.&nbsp;<\/p>\n<p><br><\/p>\t\t\t\t\t\t\t\t<\/div>\n\t\t\t\t<\/div>\n\t\t\t\t\t<\/div>\n\t\t<\/div>\n\t\t\t\t<div class=\"elementor-column elementor-col-50 elementor-inner-column elementor-element elementor-element-dacc6bb\" data-id=\"dacc6bb\" data-element_type=\"column\" data-e-type=\"column\">\n\t\t\t<div class=\"elementor-widget-wrap elementor-element-populated\">\n\t\t\t\t\t\t<div class=\"elementor-element elementor-element-cd5b952 elementor-widget elementor-widget-html\" data-id=\"cd5b952\" data-element_type=\"widget\" data-e-type=\"widget\" data-widget_type=\"html.default\">\n\t\t\t\t<div class=\"elementor-widget-container\">\n\t\t\t\t\t<a target=\"_blank\" href=\"http:\/\/fflive.bisnode.no\/994391623_NO_50a27ad1-10ab-437c-af03-2d920e04ea45\" onclick=\"javascript:_gaq.push(['_trackEvent','outbound-article','fflive.bisnode.no']);\"><img decoding=\"async\" src=\"https:\/\/ratinglogo.kredittverdig.no\/laurels\/side\/livelogo_994391623.png\"><\/a>\t\t\t\t<\/div>\n\t\t\t\t<\/div>\n\t\t\t\t<div class=\"elementor-element elementor-element-6af7f06 elementor-widget elementor-widget-image\" data-id=\"6af7f06\" data-element_type=\"widget\" data-e-type=\"widget\" data-widget_type=\"image.default\">\n\t\t\t\t<div class=\"elementor-widget-container\">\n\t\t\t\t\t\t\t\t\t\t\t\t\t\t\t<img fetchpriority=\"high\" decoding=\"async\" width=\"716\" height=\"511\" src=\"https:\/\/multiarena.no\/wp-content\/uploads\/2019\/01\/1-Fotos-az-12-11-06-029.webp\" class=\"attachment-full size-full wp-image-621\" alt=\"\" srcset=\"https:\/\/multiarena.no\/wp-content\/uploads\/2019\/01\/1-Fotos-az-12-11-06-029.webp 716w, https:\/\/multiarena.no\/wp-content\/uploads\/2019\/01\/1-Fotos-az-12-11-06-029-300x214.webp 300w\" sizes=\"(max-width: 716px) 100vw, 716px\" \/>\t\t\t\t\t\t\t\t\t\t\t\t\t\t\t<\/div>\n\t\t\t\t<\/div>\n\t\t\t\t<div class=\"elementor-element elementor-element-588efab elementor-widget elementor-widget-image\" data-id=\"588efab\" data-element_type=\"widget\" data-e-type=\"widget\" data-widget_type=\"image.default\">\n\t\t\t\t<div class=\"elementor-widget-container\">\n\t\t\t\t\t\t\t\t\t\t\t\t\t\t\t<img decoding=\"async\" width=\"753\" height=\"565\" src=\"https:\/\/multiarena.no\/wp-content\/uploads\/2019\/01\/megadeck_myrmatter27.webp\" class=\"attachment-full size-full wp-image-786\" alt=\"\" srcset=\"https:\/\/multiarena.no\/wp-content\/uploads\/2019\/01\/megadeck_myrmatter27.webp 753w, https:\/\/multiarena.no\/wp-content\/uploads\/2019\/01\/megadeck_myrmatter27-300x225.webp 300w\" sizes=\"(max-width: 753px) 100vw, 753px\" \/>\t\t\t\t\t\t\t\t\t\t\t\t\t\t\t<\/div>\n\t\t\t\t<\/div>\n\t\t\t\t\t<\/div>\n\t\t<\/div>\n\t\t\t\t\t<\/div>\n\t\t<\/section>\n\t\t\t\t\t<\/div>\n\t\t<\/div>\n\t\t\t\t\t<\/div>\n\t\t<\/section>\n\t\t\t\t<\/div>\n\t\t","protected":false},"excerpt":{"rendered":"<p>Multiarena AS Multiarena AS er en import\u00f8r til det nordiske og baltiske markedet av ulike typer mobile gulv og kj\u00f8replatesystemer. Mange av Multiarenas l\u00f8sninger er blant verdens mest brukte og anerkjente l\u00f8sninger. Eksempelvis s\u00e5 finner man v\u00e5re mobile gulv p\u00e5 flere av verdens mest prestisjetunge arenaer og stadioner omkring i verden, der de har bevist [&hellip;]<\/p>\n","protected":false},"author":1,"featured_media":0,"parent":0,"menu_order":0,"comment_status":"closed","ping_status":"closed","template":"","meta":{"footnotes":""},"categories":[],"tags":[],"class_list":["post-1273","page","type-page","status-publish","hentry"],"yoast_head":"<!-- This site is optimized with the Yoast SEO Premium plugin v27.4 (Yoast SEO v27.4) - https:\/\/yoast.com\/product\/yoast-seo-premium-wordpress\/ -->\n<title>Om Multiarena | Mobile gulv og mobile beskyttelsesmatter<\/title>\n<meta name=\"description\" content=\"Multiarena AS representerer Signature Fencing and Flooring Systems, verdens st\u00f8rste produsent og utleier av mobile gulv.\" \/>\n<meta name=\"robots\" content=\"index, follow, max-snippet:-1, max-image-preview:large, max-video-preview:-1\" \/>\n<link rel=\"canonical\" href=\"https:\/\/multiarena.no\/is\/om-oss\/\" \/>\n<meta property=\"og:locale\" content=\"is_IS\" \/>\n<meta property=\"og:type\" content=\"article\" \/>\n<meta property=\"og:title\" content=\"Om Multiarena\" \/>\n<meta property=\"og:description\" content=\"Multiarena AS representerer Signature Fencing and Flooring Systems, verdens st\u00f8rste produsent og utleier av mobile gulv.\" \/>\n<meta property=\"og:url\" content=\"https:\/\/multiarena.no\/is\/om-oss\/\" \/>\n<meta property=\"og:site_name\" content=\"Multiarena AS\" \/>\n<meta property=\"article:publisher\" content=\"https:\/\/www.facebook.com\/multiarenaas\" \/>\n<meta property=\"article:modified_time\" content=\"2025-12-11T14:02:03+00:00\" \/>\n<meta property=\"og:image\" content=\"https:\/\/ratinglogo.kredittverdig.no\/laurels\/side\/livelogo_994391623.png\" \/>\n<meta name=\"twitter:card\" content=\"summary_large_image\" \/>\n<meta name=\"twitter:label1\" content=\"Est. reading time\" \/>\n\t<meta name=\"twitter:data1\" content=\"1 minute\" \/>\n<script type=\"application\/ld+json\" class=\"yoast-schema-graph\">{\"@context\":\"https:\\\/\\\/schema.org\",\"@graph\":[{\"@type\":\"WebPage\",\"@id\":\"https:\\\/\\\/multiarena.no\\\/om-oss\\\/\",\"url\":\"https:\\\/\\\/multiarena.no\\\/om-oss\\\/\",\"name\":\"Om Multiarena | Mobile gulv og mobile beskyttelsesmatter\",\"isPartOf\":{\"@id\":\"https:\\\/\\\/multiarena.no\\\/#website\"},\"primaryImageOfPage\":{\"@id\":\"https:\\\/\\\/multiarena.no\\\/om-oss\\\/#primaryimage\"},\"image\":{\"@id\":\"https:\\\/\\\/multiarena.no\\\/om-oss\\\/#primaryimage\"},\"thumbnailUrl\":\"https:\\\/\\\/ratinglogo.kredittverdig.no\\\/laurels\\\/side\\\/livelogo_994391623.png\",\"datePublished\":\"2019-01-14T14:19:37+00:00\",\"dateModified\":\"2025-12-11T14:02:03+00:00\",\"description\":\"Multiarena AS representerer Signature Fencing and Flooring Systems, verdens st\u00f8rste produsent og utleier av mobile gulv.\",\"breadcrumb\":{\"@id\":\"https:\\\/\\\/multiarena.no\\\/om-oss\\\/#breadcrumb\"},\"inLanguage\":\"is\",\"potentialAction\":[{\"@type\":\"ReadAction\",\"target\":[\"https:\\\/\\\/multiarena.no\\\/om-oss\\\/\"]}]},{\"@type\":\"ImageObject\",\"inLanguage\":\"is\",\"@id\":\"https:\\\/\\\/multiarena.no\\\/om-oss\\\/#primaryimage\",\"url\":\"https:\\\/\\\/ratinglogo.kredittverdig.no\\\/laurels\\\/side\\\/livelogo_994391623.png\",\"contentUrl\":\"https:\\\/\\\/ratinglogo.kredittverdig.no\\\/laurels\\\/side\\\/livelogo_994391623.png\"},{\"@type\":\"BreadcrumbList\",\"@id\":\"https:\\\/\\\/multiarena.no\\\/om-oss\\\/#breadcrumb\",\"itemListElement\":[{\"@type\":\"ListItem\",\"position\":1,\"name\":\"Home\",\"item\":\"https:\\\/\\\/multiarena.no\\\/\"},{\"@type\":\"ListItem\",\"position\":2,\"name\":\"Om Multiarena\"}]},{\"@type\":\"WebSite\",\"@id\":\"https:\\\/\\\/multiarena.no\\\/#website\",\"url\":\"https:\\\/\\\/multiarena.no\\\/\",\"name\":\"Multiarena AS\",\"description\":\"Mobile gulv for enhver anledning!\",\"publisher\":{\"@id\":\"https:\\\/\\\/multiarena.no\\\/#organization\"},\"potentialAction\":[{\"@type\":\"SearchAction\",\"target\":{\"@type\":\"EntryPoint\",\"urlTemplate\":\"https:\\\/\\\/multiarena.no\\\/?s={search_term_string}\"},\"query-input\":{\"@type\":\"PropertyValueSpecification\",\"valueRequired\":true,\"valueName\":\"search_term_string\"}}],\"inLanguage\":\"is\"},{\"@type\":\"Organization\",\"@id\":\"https:\\\/\\\/multiarena.no\\\/#organization\",\"name\":\"Multiarena AS\",\"url\":\"https:\\\/\\\/multiarena.no\\\/\",\"logo\":{\"@type\":\"ImageObject\",\"inLanguage\":\"is\",\"@id\":\"https:\\\/\\\/multiarena.no\\\/#\\\/schema\\\/logo\\\/image\\\/\",\"url\":\"https:\\\/\\\/multiarena.no\\\/wp-content\\\/uploads\\\/2018\\\/12\\\/Multiarena-logo_medium.png\",\"contentUrl\":\"https:\\\/\\\/multiarena.no\\\/wp-content\\\/uploads\\\/2018\\\/12\\\/Multiarena-logo_medium.png\",\"width\":604,\"height\":120,\"caption\":\"Multiarena AS\"},\"image\":{\"@id\":\"https:\\\/\\\/multiarena.no\\\/#\\\/schema\\\/logo\\\/image\\\/\"},\"sameAs\":[\"https:\\\/\\\/www.facebook.com\\\/multiarenaas\"]}]}<\/script>\n<!-- \/ Yoast SEO Premium plugin. -->","yoast_head_json":{"title":"Om Multiarena | Mobile gulv og mobile beskyttelsesmatter","description":"Multiarena AS representerer Signature Fencing and Flooring Systems, verdens st\u00f8rste produsent og utleier av mobile gulv.","robots":{"index":"index","follow":"follow","max-snippet":"max-snippet:-1","max-image-preview":"max-image-preview:large","max-video-preview":"max-video-preview:-1"},"canonical":"https:\/\/multiarena.no\/is\/om-oss\/","og_locale":"is_IS","og_type":"article","og_title":"Om Multiarena","og_description":"Multiarena AS representerer Signature Fencing and Flooring Systems, verdens st\u00f8rste produsent og utleier av mobile gulv.","og_url":"https:\/\/multiarena.no\/is\/om-oss\/","og_site_name":"Multiarena AS","article_publisher":"https:\/\/www.facebook.com\/multiarenaas","article_modified_time":"2025-12-11T14:02:03+00:00","og_image":[{"url":"https:\/\/ratinglogo.kredittverdig.no\/laurels\/side\/livelogo_994391623.png","type":"","width":"","height":""}],"twitter_card":"summary_large_image","twitter_misc":{"Est. reading time":"1 minute"},"schema":{"@context":"https:\/\/schema.org","@graph":[{"@type":"WebPage","@id":"https:\/\/multiarena.no\/om-oss\/","url":"https:\/\/multiarena.no\/om-oss\/","name":"Om Multiarena | Mobile gulv og mobile beskyttelsesmatter","isPartOf":{"@id":"https:\/\/multiarena.no\/#website"},"primaryImageOfPage":{"@id":"https:\/\/multiarena.no\/om-oss\/#primaryimage"},"image":{"@id":"https:\/\/multiarena.no\/om-oss\/#primaryimage"},"thumbnailUrl":"https:\/\/ratinglogo.kredittverdig.no\/laurels\/side\/livelogo_994391623.png","datePublished":"2019-01-14T14:19:37+00:00","dateModified":"2025-12-11T14:02:03+00:00","description":"Multiarena AS representerer Signature Fencing and Flooring Systems, verdens st\u00f8rste produsent og utleier av mobile gulv.","breadcrumb":{"@id":"https:\/\/multiarena.no\/om-oss\/#breadcrumb"},"inLanguage":"is","potentialAction":[{"@type":"ReadAction","target":["https:\/\/multiarena.no\/om-oss\/"]}]},{"@type":"ImageObject","inLanguage":"is","@id":"https:\/\/multiarena.no\/om-oss\/#primaryimage","url":"https:\/\/ratinglogo.kredittverdig.no\/laurels\/side\/livelogo_994391623.png","contentUrl":"https:\/\/ratinglogo.kredittverdig.no\/laurels\/side\/livelogo_994391623.png"},{"@type":"BreadcrumbList","@id":"https:\/\/multiarena.no\/om-oss\/#breadcrumb","itemListElement":[{"@type":"ListItem","position":1,"name":"Home","item":"https:\/\/multiarena.no\/"},{"@type":"ListItem","position":2,"name":"Om Multiarena"}]},{"@type":"WebSite","@id":"https:\/\/multiarena.no\/#website","url":"https:\/\/multiarena.no\/","name":"Multiarena AS","description":"Mobile gulv for enhver anledning!","publisher":{"@id":"https:\/\/multiarena.no\/#organization"},"potentialAction":[{"@type":"SearchAction","target":{"@type":"EntryPoint","urlTemplate":"https:\/\/multiarena.no\/?s={search_term_string}"},"query-input":{"@type":"PropertyValueSpecification","valueRequired":true,"valueName":"search_term_string"}}],"inLanguage":"is"},{"@type":"Organization","@id":"https:\/\/multiarena.no\/#organization","name":"Multiarena AS","url":"https:\/\/multiarena.no\/","logo":{"@type":"ImageObject","inLanguage":"is","@id":"https:\/\/multiarena.no\/#\/schema\/logo\/image\/","url":"https:\/\/multiarena.no\/wp-content\/uploads\/2018\/12\/Multiarena-logo_medium.png","contentUrl":"https:\/\/multiarena.no\/wp-content\/uploads\/2018\/12\/Multiarena-logo_medium.png","width":604,"height":120,"caption":"Multiarena AS"},"image":{"@id":"https:\/\/multiarena.no\/#\/schema\/logo\/image\/"},"sameAs":["https:\/\/www.facebook.com\/multiarenaas"]}]}},"_links":{"self":[{"href":"https:\/\/multiarena.no\/is\/wp-json\/wp\/v2\/pages\/1273","targetHints":{"allow":["GET"]}}],"collection":[{"href":"https:\/\/multiarena.no\/is\/wp-json\/wp\/v2\/pages"}],"about":[{"href":"https:\/\/multiarena.no\/is\/wp-json\/wp\/v2\/types\/page"}],"author":[{"embeddable":true,"href":"https:\/\/multiarena.no\/is\/wp-json\/wp\/v2\/users\/1"}],"replies":[{"embeddable":true,"href":"https:\/\/multiarena.no\/is\/wp-json\/wp\/v2\/comments?post=1273"}],"version-history":[{"count":2,"href":"https:\/\/multiarena.no\/is\/wp-json\/wp\/v2\/pages\/1273\/revisions"}],"predecessor-version":[{"id":7990,"href":"https:\/\/multiarena.no\/is\/wp-json\/wp\/v2\/pages\/1273\/revisions\/7990"}],"wp:attachment":[{"href":"https:\/\/multiarena.no\/is\/wp-json\/wp\/v2\/media?parent=1273"}],"wp:term":[{"taxonomy":"category","embeddable":true,"href":"https:\/\/multiarena.no\/is\/wp-json\/wp\/v2\/categories?post=1273"},{"taxonomy":"post_tag","embeddable":true,"href":"https:\/\/multiarena.no\/is\/wp-json\/wp\/v2\/tags?post=1273"}],"curies":[{"name":"wp","href":"https:\/\/api.w.org\/{rel}","templated":true}]}}