{"id":6836,"date":"2025-01-09T18:16:56","date_gmt":"2025-01-09T17:16:56","guid":{"rendered":"https:\/\/multiarena.no\/?page_id=6836"},"modified":"2025-01-10T11:17:19","modified_gmt":"2025-01-10T10:17:19","slug":"innsikt","status":"publish","type":"page","link":"https:\/\/multiarena.no\/en\/insight\/","title":{"rendered":"Insight"},"content":{"rendered":"<div data-elementor-type=\"wp-page\" data-elementor-id=\"6836\" class=\"elementor elementor-6836\" data-elementor-post-type=\"page\">\n\t\t\t\t\t\t<section class=\"elementor-section elementor-top-section elementor-element elementor-element-cc39423 elementor-section-boxed elementor-section-height-default elementor-section-height-default\" data-id=\"cc39423\" data-element_type=\"section\" data-e-type=\"section\">\n\t\t\t\t\t\t<div class=\"elementor-container elementor-column-gap-default\">\n\t\t\t\t\t<div class=\"elementor-column elementor-col-100 elementor-top-column elementor-element elementor-element-1a689a2\" data-id=\"1a689a2\" data-element_type=\"column\" data-e-type=\"column\">\n\t\t\t<div class=\"elementor-widget-wrap elementor-element-populated\">\n\t\t\t\t\t\t<div class=\"elementor-element elementor-element-2d36fba elementor-grid-3 elementor-grid-tablet-2 elementor-grid-mobile-1 elementor-posts--thumbnail-top elementor-card-shadow-yes elementor-posts__hover-gradient elementor-widget elementor-widget-posts\" data-id=\"2d36fba\" data-element_type=\"widget\" data-e-type=\"widget\" data-settings=\"{&quot;cards_columns&quot;:&quot;3&quot;,&quot;cards_columns_tablet&quot;:&quot;2&quot;,&quot;cards_columns_mobile&quot;:&quot;1&quot;,&quot;cards_row_gap&quot;:{&quot;unit&quot;:&quot;px&quot;,&quot;size&quot;:35,&quot;sizes&quot;:[]},&quot;cards_row_gap_tablet&quot;:{&quot;unit&quot;:&quot;px&quot;,&quot;size&quot;:&quot;&quot;,&quot;sizes&quot;:[]},&quot;cards_row_gap_mobile&quot;:{&quot;unit&quot;:&quot;px&quot;,&quot;size&quot;:&quot;&quot;,&quot;sizes&quot;:[]}}\" data-widget_type=\"posts.cards\">\n\t\t\t\t<div class=\"elementor-widget-container\">\n\t\t\t\t\t\t\t<div class=\"elementor-posts-container elementor-posts elementor-posts--skin-cards elementor-grid\" role=\"list\">\n\t\t\t\t<article class=\"elementor-post elementor-grid-item post-6933 post type-post status-publish format-standard has-post-thumbnail hentry category-kjoreplater category-mobile-gulv tag-beskyttelse-av-kunstgress tag-beskyttelse-av-naturgress tag-beskyttelse-av-sarbart-underlag tag-kjoreplater tag-kjoreplater-i-plast tag-kunstgressbeskyttelse tag-midlertidige-veier tag-mobile-gulv tag-utleie-av-kjoreplater\" role=\"listitem\">\n\t\t\t<div class=\"elementor-post__card\">\n\t\t\t\t<a class=\"elementor-post__thumbnail__link\" href=\"https:\/\/multiarena.no\/en\/alltid-en-perfekt-losning-for-enklere-adkomst-og-beskyttelse-av-saarbar-mark\/\" tabindex=\"-1\" ><div class=\"elementor-post__thumbnail\"><img fetchpriority=\"high\" decoding=\"async\" width=\"300\" height=\"188\" src=\"https:\/\/multiarena.no\/wp-content\/uploads\/2019\/04\/megadeck_myrmatter1-300x188.jpg\" class=\"attachment-medium size-medium wp-image-2868\" alt=\"\" srcset=\"https:\/\/multiarena.no\/wp-content\/uploads\/2019\/04\/megadeck_myrmatter1-300x188.jpg 300w, https:\/\/multiarena.no\/wp-content\/uploads\/2019\/04\/megadeck_myrmatter1-768x482.jpg 768w, https:\/\/multiarena.no\/wp-content\/uploads\/2019\/04\/megadeck_myrmatter1.jpg 900w\" sizes=\"(max-width: 300px) 100vw, 300px\" \/><\/div><\/a>\n\t\t\t\t<div class=\"elementor-post__text\">\n\t\t\t\t<h3 class=\"elementor-post__title\">\n\t\t\t<a href=\"https:\/\/multiarena.no\/en\/alltid-en-perfekt-losning-for-enklere-adkomst-og-beskyttelse-av-saarbar-mark\/\" >\n\t\t\t\tAlways a perfect solution for easier access and protection of vulnerable ground\t\t\t<\/a>\n\t\t<\/h3>\n\t\t\n\t\t<a class=\"elementor-post__read-more\" href=\"https:\/\/multiarena.no\/en\/alltid-en-perfekt-losning-for-enklere-adkomst-og-beskyttelse-av-saarbar-mark\/\" aria-label=\"Read more about Alltid en perfekt l\u00f8sning for enklere adkomst og beskyttelse av s\u00e5rbar mark\" tabindex=\"-1\" >\n\t\t\tRead more\t\t<\/a>\n\n\t\t\t\t<\/div>\n\t\t\t\t<div class=\"elementor-post__meta-data\">\n\t\t\t\t\t<span class=\"elementor-post-date\">\n\t\t\t09\/04\/2025\t\t<\/span>\n\t\t\t\t<\/div>\n\t\t\t\t\t<\/div>\n\t\t<\/article>\n\t\t\t\t<article class=\"elementor-post elementor-grid-item post-6858 post type-post status-publish format-standard has-post-thumbnail hentry category-kjoreplater tag-kjorematter tag-kjoreplater tag-kjoreplater-i-plast tag-midlertidige-veier tag-myrmatter tag-utleie-av-kjoreplater\" role=\"listitem\">\n\t\t\t<div class=\"elementor-post__card\">\n\t\t\t\t<a class=\"elementor-post__thumbnail__link\" href=\"https:\/\/multiarena.no\/en\/why-ground-protection-mats-are-a-cost-effective-tool-for-most-work-areas\/\" tabindex=\"-1\" ><div class=\"elementor-post__thumbnail\"><img decoding=\"async\" width=\"300\" height=\"200\" src=\"https:\/\/multiarena.no\/wp-content\/uploads\/2019\/01\/signaroad-path-4-1024x683-300x200.webp\" class=\"attachment-medium size-medium wp-image-698\" alt=\"\" srcset=\"https:\/\/multiarena.no\/wp-content\/uploads\/2019\/01\/signaroad-path-4-1024x683-300x200.webp 300w, https:\/\/multiarena.no\/wp-content\/uploads\/2019\/01\/signaroad-path-4-1024x683-768x512.webp 768w, https:\/\/multiarena.no\/wp-content\/uploads\/2019\/01\/signaroad-path-4-1024x683.webp 1024w\" sizes=\"(max-width: 300px) 100vw, 300px\" \/><\/div><\/a>\n\t\t\t\t<div class=\"elementor-post__text\">\n\t\t\t\t<h3 class=\"elementor-post__title\">\n\t\t\t<a href=\"https:\/\/multiarena.no\/en\/why-ground-protection-mats-are-a-cost-effective-tool-for-most-work-areas\/\" >\n\t\t\t\tWhy Ground Protection Mats Are a Cost-Effective Tool for Most Work Areas\t\t\t<\/a>\n\t\t<\/h3>\n\t\t\n\t\t<a class=\"elementor-post__read-more\" href=\"https:\/\/multiarena.no\/en\/why-ground-protection-mats-are-a-cost-effective-tool-for-most-work-areas\/\" aria-label=\"Read more about Hvorfor kj\u00f8replater er et kostnadseffektivt verkt\u00f8y for de fleste arbeidsomr\u00e5der.\" tabindex=\"-1\" >\n\t\t\tRead more\t\t<\/a>\n\n\t\t\t\t<\/div>\n\t\t\t\t<div class=\"elementor-post__meta-data\">\n\t\t\t\t\t<span class=\"elementor-post-date\">\n\t\t\t23\/01\/2025\t\t<\/span>\n\t\t\t\t<\/div>\n\t\t\t\t\t<\/div>\n\t\t<\/article>\n\t\t\t\t<\/div>\n\t\t\n\t\t\t\t\t\t<\/div>\n\t\t\t\t<\/div>\n\t\t\t\t\t<\/div>\n\t\t<\/div>\n\t\t\t\t\t<\/div>\n\t\t<\/section>\n\t\t\t\t<\/div>","protected":false},"excerpt":{"rendered":"","protected":false},"author":16,"featured_media":0,"parent":0,"menu_order":0,"comment_status":"closed","ping_status":"closed","template":"","meta":{"footnotes":""},"categories":[],"tags":[],"class_list":["post-6836","page","type-page","status-publish","hentry"],"yoast_head":"<!-- This site is optimized with the Yoast SEO Premium plugin v27.4 (Yoast SEO v27.4) - https:\/\/yoast.com\/product\/yoast-seo-premium-wordpress\/ -->\n<title>Innsikt - Multiarena AS<\/title>\n<meta name=\"robots\" content=\"index, follow, max-snippet:-1, max-image-preview:large, max-video-preview:-1\" \/>\n<link rel=\"canonical\" href=\"https:\/\/multiarena.no\/en\/innsikt\/\" \/>\n<meta property=\"og:locale\" content=\"en_GB\" \/>\n<meta property=\"og:type\" content=\"article\" \/>\n<meta property=\"og:title\" content=\"Innsikt\" \/>\n<meta property=\"og:url\" content=\"https:\/\/multiarena.no\/en\/innsikt\/\" \/>\n<meta property=\"og:site_name\" content=\"Multiarena AS\" \/>\n<meta property=\"article:publisher\" content=\"https:\/\/www.facebook.com\/multiarenaas\" \/>\n<meta property=\"article:modified_time\" content=\"2025-01-10T10:17:19+00:00\" \/>\n<meta name=\"twitter:card\" content=\"summary_large_image\" \/>\n<meta name=\"twitter:label1\" content=\"Estimated reading time\" \/>\n\t<meta name=\"twitter:data1\" content=\"1 minute\" \/>\n<script type=\"application\/ld+json\" class=\"yoast-schema-graph\">{\"@context\":\"https:\\\/\\\/schema.org\",\"@graph\":[{\"@type\":\"WebPage\",\"@id\":\"https:\\\/\\\/multiarena.no\\\/innsikt\\\/\",\"url\":\"https:\\\/\\\/multiarena.no\\\/innsikt\\\/\",\"name\":\"Innsikt - Multiarena AS\",\"isPartOf\":{\"@id\":\"https:\\\/\\\/multiarena.no\\\/#website\"},\"datePublished\":\"2025-01-09T17:16:56+00:00\",\"dateModified\":\"2025-01-10T10:17:19+00:00\",\"breadcrumb\":{\"@id\":\"https:\\\/\\\/multiarena.no\\\/innsikt\\\/#breadcrumb\"},\"inLanguage\":\"en-GB\",\"potentialAction\":[{\"@type\":\"ReadAction\",\"target\":[\"https:\\\/\\\/multiarena.no\\\/innsikt\\\/\"]}]},{\"@type\":\"BreadcrumbList\",\"@id\":\"https:\\\/\\\/multiarena.no\\\/innsikt\\\/#breadcrumb\",\"itemListElement\":[{\"@type\":\"ListItem\",\"position\":1,\"name\":\"Home\",\"item\":\"https:\\\/\\\/multiarena.no\\\/\"},{\"@type\":\"ListItem\",\"position\":2,\"name\":\"Innsikt\"}]},{\"@type\":\"WebSite\",\"@id\":\"https:\\\/\\\/multiarena.no\\\/#website\",\"url\":\"https:\\\/\\\/multiarena.no\\\/\",\"name\":\"Multiarena AS\",\"description\":\"Mobile gulv for enhver anledning!\",\"publisher\":{\"@id\":\"https:\\\/\\\/multiarena.no\\\/#organization\"},\"potentialAction\":[{\"@type\":\"SearchAction\",\"target\":{\"@type\":\"EntryPoint\",\"urlTemplate\":\"https:\\\/\\\/multiarena.no\\\/?s={search_term_string}\"},\"query-input\":{\"@type\":\"PropertyValueSpecification\",\"valueRequired\":true,\"valueName\":\"search_term_string\"}}],\"inLanguage\":\"en-GB\"},{\"@type\":\"Organization\",\"@id\":\"https:\\\/\\\/multiarena.no\\\/#organization\",\"name\":\"Multiarena AS\",\"url\":\"https:\\\/\\\/multiarena.no\\\/\",\"logo\":{\"@type\":\"ImageObject\",\"inLanguage\":\"en-GB\",\"@id\":\"https:\\\/\\\/multiarena.no\\\/#\\\/schema\\\/logo\\\/image\\\/\",\"url\":\"https:\\\/\\\/multiarena.no\\\/wp-content\\\/uploads\\\/2018\\\/12\\\/Multiarena-logo_medium.png\",\"contentUrl\":\"https:\\\/\\\/multiarena.no\\\/wp-content\\\/uploads\\\/2018\\\/12\\\/Multiarena-logo_medium.png\",\"width\":604,\"height\":120,\"caption\":\"Multiarena AS\"},\"image\":{\"@id\":\"https:\\\/\\\/multiarena.no\\\/#\\\/schema\\\/logo\\\/image\\\/\"},\"sameAs\":[\"https:\\\/\\\/www.facebook.com\\\/multiarenaas\"]}]}<\/script>\n<!-- \/ Yoast SEO Premium plugin. -->","yoast_head_json":{"title":"Innsikt - Multiarena AS","robots":{"index":"index","follow":"follow","max-snippet":"max-snippet:-1","max-image-preview":"max-image-preview:large","max-video-preview":"max-video-preview:-1"},"canonical":"https:\/\/multiarena.no\/en\/innsikt\/","og_locale":"en_GB","og_type":"article","og_title":"Innsikt","og_url":"https:\/\/multiarena.no\/en\/innsikt\/","og_site_name":"Multiarena AS","article_publisher":"https:\/\/www.facebook.com\/multiarenaas","article_modified_time":"2025-01-10T10:17:19+00:00","twitter_card":"summary_large_image","twitter_misc":{"Estimated reading time":"1 minute"},"schema":{"@context":"https:\/\/schema.org","@graph":[{"@type":"WebPage","@id":"https:\/\/multiarena.no\/innsikt\/","url":"https:\/\/multiarena.no\/innsikt\/","name":"Innsikt - Multiarena AS","isPartOf":{"@id":"https:\/\/multiarena.no\/#website"},"datePublished":"2025-01-09T17:16:56+00:00","dateModified":"2025-01-10T10:17:19+00:00","breadcrumb":{"@id":"https:\/\/multiarena.no\/innsikt\/#breadcrumb"},"inLanguage":"en-GB","potentialAction":[{"@type":"ReadAction","target":["https:\/\/multiarena.no\/innsikt\/"]}]},{"@type":"BreadcrumbList","@id":"https:\/\/multiarena.no\/innsikt\/#breadcrumb","itemListElement":[{"@type":"ListItem","position":1,"name":"Home","item":"https:\/\/multiarena.no\/"},{"@type":"ListItem","position":2,"name":"Innsikt"}]},{"@type":"WebSite","@id":"https:\/\/multiarena.no\/#website","url":"https:\/\/multiarena.no\/","name":"Multiarena AS","description":"Mobile gulv for enhver anledning!","publisher":{"@id":"https:\/\/multiarena.no\/#organization"},"potentialAction":[{"@type":"SearchAction","target":{"@type":"EntryPoint","urlTemplate":"https:\/\/multiarena.no\/?s={search_term_string}"},"query-input":{"@type":"PropertyValueSpecification","valueRequired":true,"valueName":"search_term_string"}}],"inLanguage":"en-GB"},{"@type":"Organization","@id":"https:\/\/multiarena.no\/#organization","name":"Multiarena AS","url":"https:\/\/multiarena.no\/","logo":{"@type":"ImageObject","inLanguage":"en-GB","@id":"https:\/\/multiarena.no\/#\/schema\/logo\/image\/","url":"https:\/\/multiarena.no\/wp-content\/uploads\/2018\/12\/Multiarena-logo_medium.png","contentUrl":"https:\/\/multiarena.no\/wp-content\/uploads\/2018\/12\/Multiarena-logo_medium.png","width":604,"height":120,"caption":"Multiarena AS"},"image":{"@id":"https:\/\/multiarena.no\/#\/schema\/logo\/image\/"},"sameAs":["https:\/\/www.facebook.com\/multiarenaas"]}]}},"_links":{"self":[{"href":"https:\/\/multiarena.no\/en\/wp-json\/wp\/v2\/pages\/6836","targetHints":{"allow":["GET"]}}],"collection":[{"href":"https:\/\/multiarena.no\/en\/wp-json\/wp\/v2\/pages"}],"about":[{"href":"https:\/\/multiarena.no\/en\/wp-json\/wp\/v2\/types\/page"}],"author":[{"embeddable":true,"href":"https:\/\/multiarena.no\/en\/wp-json\/wp\/v2\/users\/16"}],"replies":[{"embeddable":true,"href":"https:\/\/multiarena.no\/en\/wp-json\/wp\/v2\/comments?post=6836"}],"version-history":[{"count":5,"href":"https:\/\/multiarena.no\/en\/wp-json\/wp\/v2\/pages\/6836\/revisions"}],"predecessor-version":[{"id":6848,"href":"https:\/\/multiarena.no\/en\/wp-json\/wp\/v2\/pages\/6836\/revisions\/6848"}],"wp:attachment":[{"href":"https:\/\/multiarena.no\/en\/wp-json\/wp\/v2\/media?parent=6836"}],"wp:term":[{"taxonomy":"category","embeddable":true,"href":"https:\/\/multiarena.no\/en\/wp-json\/wp\/v2\/categories?post=6836"},{"taxonomy":"post_tag","embeddable":true,"href":"https:\/\/multiarena.no\/en\/wp-json\/wp\/v2\/tags?post=6836"}],"curies":[{"name":"wp","href":"https:\/\/api.w.org\/{rel}","templated":true}]}}